{"id":20,"date":"2025-10-29T01:26:59","date_gmt":"2025-10-29T01:26:59","guid":{"rendered":"https:\/\/kertepites.linkepites.eu\/index.php\/rolunk\/"},"modified":"2025-10-29T01:27:15","modified_gmt":"2025-10-29T01:27:15","slug":"rolunk","status":"publish","type":"page","link":"https:\/\/kertepites.linkepites.eu\/index.php\/rolunk\/","title":{"rendered":"R\u00f3lunk"},"content":{"rendered":"\t\t<div data-elementor-type=\"wp-page\" data-elementor-id=\"20\" class=\"elementor elementor-20\" data-elementor-post-type=\"page\">\n\t\t\t\t<div class=\"elementor-element elementor-element-9fc3676 e-flex e-con-boxed e-con e-parent\" data-id=\"9fc3676\" data-element_type=\"container\" data-settings=\"{&quot;background_background&quot;:&quot;classic&quot;}\">\n\t\t\t\t\t<div class=\"e-con-inner\">\n\t\t<div class=\"elementor-element elementor-element-569a268 e-con-full e-flex e-con e-child\" data-id=\"569a268\" data-element_type=\"container\">\n\t\t\t\t<div class=\"elementor-element elementor-element-d0720a3 elementor-widget elementor-widget-heading\" data-id=\"d0720a3\" data-element_type=\"widget\" data-widget_type=\"heading.default\">\n\t\t\t\t\t<h2 class=\"elementor-heading-title elementor-size-default\">Kert\u00e9p\u00edt\u00e9s szak\u00e9rtelemmel<\/h2>\t\t\t\t<\/div>\n\t\t\t\t<div class=\"elementor-element elementor-element-0b27f51 elementor-widget elementor-widget-text-editor\" data-id=\"0b27f51\" data-element_type=\"widget\" data-widget_type=\"text-editor.default\">\n\t\t\t\t\t\t\t\t\t<p>Szakk\u00e9pzett csapatunk seg\u00edt \u00d6nnek \u00e1lmai kertj\u00e9nek megval\u00f3s\u00edt\u00e1s\u00e1ban. Minden projektet a lehet\u0151 legmagasabb sz\u00ednvonalon kezel\u00fcnk, figyelembe v\u00e9ve az egyedi ig\u00e9nyeket \u00e9s a k\u00f6rnyez\u0151 ter\u00fclet adotts\u00e1gait. Forduljon hozz\u00e1nk bizalommal, ha professzion\u00e1lis \u00e9s megb\u00edzhat\u00f3 kert\u00e9p\u00edt\u00e9si szolg\u00e1ltat\u00e1st keres!<\/p>\t\t\t\t\t\t\t\t<\/div>\n\t\t\t\t<\/div>\n\t\t\t\t\t<\/div>\n\t\t\t\t<\/div>\n\t\t<div class=\"elementor-element elementor-element-8cceaa4 e-flex e-con-boxed e-con e-parent\" data-id=\"8cceaa4\" data-element_type=\"container\" data-settings=\"{&quot;background_background&quot;:&quot;classic&quot;}\">\n\t\t\t\t\t<div class=\"e-con-inner\">\n\t\t<div class=\"elementor-element elementor-element-76e2a1e e-con-full e-flex e-con e-child\" data-id=\"76e2a1e\" data-element_type=\"container\">\n\t\t\t\t<div class=\"elementor-element elementor-element-145049d elementor-widget elementor-widget-image\" data-id=\"145049d\" data-element_type=\"widget\" data-widget_type=\"image.default\">\n\t\t\t\t\t\t\t\t\t\t\t\t\t\t\t<img fetchpriority=\"high\" decoding=\"async\" width=\"1920\" height=\"1080\" src=\"https:\/\/kertepites.linkepites.eu\/wp-content\/uploads\/2025\/10\/placeholder-demo-image-scaled-1.jpg\" class=\"attachment-full size-full wp-image-36\" alt=\"\" srcset=\"https:\/\/kertepites.linkepites.eu\/wp-content\/uploads\/2025\/10\/placeholder-demo-image-scaled-1.jpg 1920w, https:\/\/kertepites.linkepites.eu\/wp-content\/uploads\/2025\/10\/placeholder-demo-image-scaled-1-300x169.jpg 300w, https:\/\/kertepites.linkepites.eu\/wp-content\/uploads\/2025\/10\/placeholder-demo-image-scaled-1-1024x576.jpg 1024w, https:\/\/kertepites.linkepites.eu\/wp-content\/uploads\/2025\/10\/placeholder-demo-image-scaled-1-768x432.jpg 768w, https:\/\/kertepites.linkepites.eu\/wp-content\/uploads\/2025\/10\/placeholder-demo-image-scaled-1-1536x864.jpg 1536w\" sizes=\"(max-width: 1920px) 100vw, 1920px\" \/>\t\t\t\t\t\t\t\t\t\t\t\t\t\t\t<\/div>\n\t\t\t\t<div class=\"elementor-element elementor-element-86837cf elementor-widget elementor-widget-heading\" data-id=\"86837cf\" data-element_type=\"widget\" data-widget_type=\"heading.default\">\n\t\t\t\t\t<h2 class=\"elementor-heading-title elementor-size-default\">C\u00e9g\u00fcnk t\u00f6rt\u00e9nete<\/h2>\t\t\t\t<\/div>\n\t\t\t\t<div class=\"elementor-element elementor-element-f1d9bd3 elementor-widget elementor-widget-text-editor\" data-id=\"f1d9bd3\" data-element_type=\"widget\" data-widget_type=\"text-editor.default\">\n\t\t\t\t\t\t\t\t\t<p>1965-ben ind\u00edtottuk el kert\u00e9p\u00edt\u00e9szeti szolg\u00e1ltat\u00e1sainkat. Az\u00f3ta t\u00f6retlen fejl\u0151d\u00e9sen ment\u00fcnk kereszt\u00fcl, \u00e9s sz\u00e1mos el\u00e9gedett \u00fcgyf\u00e9l k\u00eds\u00e9rte v\u00e9gig utunkat. C\u00e9lunk, hogy mindenkinek lehet\u0151s\u00e9get biztos\u00edtsunk egy olyan z\u00f6ld \u00e9lett\u00e9r kialak\u00edt\u00e1s\u00e1ra, amely seg\u00edti a pihen\u00e9st \u00e9s a kikapcsol\u00f3d\u00e1st.<\/p>\t\t\t\t\t\t\t\t<\/div>\n\t\t\t\t<\/div>\n\t\t<div class=\"elementor-element elementor-element-c85416d e-con-full e-flex e-con e-child\" data-id=\"c85416d\" data-element_type=\"container\">\n\t\t\t\t<div class=\"elementor-element elementor-element-4aad455 elementor-widget elementor-widget-image\" data-id=\"4aad455\" data-element_type=\"widget\" data-widget_type=\"image.default\">\n\t\t\t\t\t\t\t\t\t\t\t\t\t\t\t<img fetchpriority=\"high\" decoding=\"async\" width=\"1920\" height=\"1080\" src=\"https:\/\/kertepites.linkepites.eu\/wp-content\/uploads\/2025\/10\/placeholder-demo-image-scaled-1.jpg\" class=\"attachment-full size-full wp-image-36\" alt=\"\" srcset=\"https:\/\/kertepites.linkepites.eu\/wp-content\/uploads\/2025\/10\/placeholder-demo-image-scaled-1.jpg 1920w, https:\/\/kertepites.linkepites.eu\/wp-content\/uploads\/2025\/10\/placeholder-demo-image-scaled-1-300x169.jpg 300w, https:\/\/kertepites.linkepites.eu\/wp-content\/uploads\/2025\/10\/placeholder-demo-image-scaled-1-1024x576.jpg 1024w, https:\/\/kertepites.linkepites.eu\/wp-content\/uploads\/2025\/10\/placeholder-demo-image-scaled-1-768x432.jpg 768w, https:\/\/kertepites.linkepites.eu\/wp-content\/uploads\/2025\/10\/placeholder-demo-image-scaled-1-1536x864.jpg 1536w\" sizes=\"(max-width: 1920px) 100vw, 1920px\" \/>\t\t\t\t\t\t\t\t\t\t\t\t\t\t\t<\/div>\n\t\t\t\t<div class=\"elementor-element elementor-element-9e9b6e3 elementor-widget elementor-widget-heading\" data-id=\"9e9b6e3\" data-element_type=\"widget\" data-widget_type=\"heading.default\">\n\t\t\t\t\t<h2 class=\"elementor-heading-title elementor-size-default\">M\u00e9rf\u00f6ldk\u00f6veink<\/h2>\t\t\t\t<\/div>\n\t\t\t\t<div class=\"elementor-element elementor-element-7593af4 elementor-widget elementor-widget-text-editor\" data-id=\"7593af4\" data-element_type=\"widget\" data-widget_type=\"text-editor.default\">\n\t\t\t\t\t\t\t\t\t<p>Az els\u0151 kert\u00fcnk 1980-ban k\u00e9sz\u00fclt el, amit az\u00f3ta sz\u00e1mos sikeres projekt k\u00f6vetett. Folyamatosan b\u0151v\u00edtett\u00fck szolg\u00e1ltat\u00e1sainkat, hogy a leg\u00fajabb trendeknek \u00e9s \u00fcgyf\u00e9lig\u00e9nyeknek is megfelelj\u00fcnk. Minden dolgoz\u00f3nk elk\u00f6telezett a min\u0151s\u00e9g \u00e9s a professzion\u00e1lis munkav\u00e9gz\u00e9s ir\u00e1nt, hogy a legjobbat ny\u00fajthassuk \u00d6nnek.<\/p>\t\t\t\t\t\t\t\t<\/div>\n\t\t\t\t<\/div>\n\t\t\t\t\t<\/div>\n\t\t\t\t<\/div>\n\t\t<div class=\"elementor-element elementor-element-5744e2c e-flex e-con-boxed e-con e-parent\" data-id=\"5744e2c\" data-element_type=\"container\" data-settings=\"{&quot;background_background&quot;:&quot;classic&quot;}\">\n\t\t\t\t\t<div class=\"e-con-inner\">\n\t\t\t\t<div class=\"elementor-element elementor-element-5791f15 elementor-widget elementor-widget-heading\" data-id=\"5791f15\" data-element_type=\"widget\" data-widget_type=\"heading.default\">\n\t\t\t\t\t<h5 class=\"elementor-heading-title elementor-size-default\">Csapatunk bemutat\u00e1sa<\/h5>\t\t\t\t<\/div>\n\t\t\t\t<div class=\"elementor-element elementor-element-941db6d elementor-widget elementor-widget-heading\" data-id=\"941db6d\" data-element_type=\"widget\" data-widget_type=\"heading.default\">\n\t\t\t\t\t<h2 class=\"elementor-heading-title elementor-size-default\">Ismerje meg szak\u00e9rt\u0151inket \u00e9s munk\u00e1jukat<\/h2>\t\t\t\t<\/div>\n\t\t<div class=\"elementor-element elementor-element-f4c6d86 e-con-full e-flex e-con e-child\" data-id=\"f4c6d86\" data-element_type=\"container\">\n\t\t<div class=\"elementor-element elementor-element-4e43724 e-con-full e-flex e-con e-child\" data-id=\"4e43724\" data-element_type=\"container\">\n\t\t\t\t<div class=\"elementor-element elementor-element-81b1667 elementor-cta--valign-middle elementor-widget__width-inherit elementor-widget-tablet__width-inherit elementor-widget-mobile__width-inherit elementor-cta--skin-classic elementor-animated-content elementor-bg-transform elementor-bg-transform-zoom-in elementor-widget elementor-widget-call-to-action\" data-id=\"81b1667\" data-element_type=\"widget\" data-widget_type=\"call-to-action.default\">\n\t\t\t\t\t\t\t<div class=\"elementor-cta\">\n\t\t\t\t\t<div class=\"elementor-cta__bg-wrapper\">\n\t\t\t\t<div class=\"elementor-cta__bg elementor-bg\" style=\"background-image: url(https:\/\/kertepites.linkepites.eu\/wp-content\/uploads\/2025\/10\/wireframe-img-1-e1708013680578-1024x1024.png);\" role=\"img\" aria-label=\"wireframe-img-1-e1708013680578.png\"><\/div>\n\t\t\t\t<div class=\"elementor-cta__bg-overlay\"><\/div>\n\t\t\t<\/div>\n\t\t\t\t\t\t\t\t<\/div>\n\t\t\t\t\t\t<\/div>\n\t\t<div class=\"elementor-element elementor-element-37e94df e-flex e-con-boxed e-con e-child\" data-id=\"37e94df\" data-element_type=\"container\">\n\t\t\t\t\t<div class=\"e-con-inner\">\n\t\t\t\t<div class=\"elementor-element elementor-element-4143dfe elementor-widget elementor-widget-heading\" data-id=\"4143dfe\" data-element_type=\"widget\" data-widget_type=\"heading.default\">\n\t\t\t\t\t<div class=\"elementor-heading-title elementor-size-default\">Kiss Istv\u00e1n<\/div>\t\t\t\t<\/div>\n\t\t\t\t<div class=\"elementor-element elementor-element-eb78153 elementor-widget elementor-widget-heading\" data-id=\"eb78153\" data-element_type=\"widget\" data-widget_type=\"heading.default\">\n\t\t\t\t\t<div class=\"elementor-heading-title elementor-size-default\">Kert\u00e9sz szakember<\/div>\t\t\t\t<\/div>\n\t\t\t\t\t<\/div>\n\t\t\t\t<\/div>\n\t\t\t\t<\/div>\n\t\t<div class=\"elementor-element elementor-element-3eb4bb1 e-con-full e-flex e-con e-child\" data-id=\"3eb4bb1\" data-element_type=\"container\">\n\t\t\t\t<div class=\"elementor-element elementor-element-7993c29 elementor-cta--valign-middle elementor-widget__width-inherit elementor-widget-tablet__width-inherit elementor-widget-mobile__width-inherit elementor-cta--skin-classic elementor-animated-content elementor-bg-transform elementor-bg-transform-zoom-in elementor-widget elementor-widget-call-to-action\" data-id=\"7993c29\" data-element_type=\"widget\" data-widget_type=\"call-to-action.default\">\n\t\t\t\t\t\t\t<div class=\"elementor-cta\">\n\t\t\t\t\t<div class=\"elementor-cta__bg-wrapper\">\n\t\t\t\t<div class=\"elementor-cta__bg elementor-bg\" style=\"background-image: url(https:\/\/kertepites.linkepites.eu\/wp-content\/uploads\/2025\/10\/wireframe-img-1-e1708013680578-1024x1024.png);\" role=\"img\" aria-label=\"wireframe-img-1-e1708013680578.png\"><\/div>\n\t\t\t\t<div class=\"elementor-cta__bg-overlay\"><\/div>\n\t\t\t<\/div>\n\t\t\t\t\t\t\t\t<\/div>\n\t\t\t\t\t\t<\/div>\n\t\t<div class=\"elementor-element elementor-element-7206fa6 e-flex e-con-boxed e-con e-child\" data-id=\"7206fa6\" data-element_type=\"container\">\n\t\t\t\t\t<div class=\"e-con-inner\">\n\t\t\t\t<div class=\"elementor-element elementor-element-80cced1 elementor-widget elementor-widget-heading\" data-id=\"80cced1\" data-element_type=\"widget\" data-widget_type=\"heading.default\">\n\t\t\t\t\t<div class=\"elementor-heading-title elementor-size-default\">Nagy \u00c9va<\/div>\t\t\t\t<\/div>\n\t\t\t\t<div class=\"elementor-element elementor-element-2ddd8db elementor-widget elementor-widget-heading\" data-id=\"2ddd8db\" data-element_type=\"widget\" data-widget_type=\"heading.default\">\n\t\t\t\t\t<div class=\"elementor-heading-title elementor-size-default\">Tajf\u00f6l\u0151 szak\u00e9rt\u0151<\/div>\t\t\t\t<\/div>\n\t\t\t\t\t<\/div>\n\t\t\t\t<\/div>\n\t\t\t\t<\/div>\n\t\t<div class=\"elementor-element elementor-element-be76ff0 e-con-full e-flex e-con e-child\" data-id=\"be76ff0\" data-element_type=\"container\">\n\t\t\t\t<div class=\"elementor-element elementor-element-1321108 elementor-cta--valign-middle elementor-widget__width-inherit elementor-widget-tablet__width-inherit elementor-widget-mobile__width-inherit elementor-cta--skin-classic elementor-animated-content elementor-bg-transform elementor-bg-transform-zoom-in elementor-widget elementor-widget-call-to-action\" data-id=\"1321108\" data-element_type=\"widget\" data-widget_type=\"call-to-action.default\">\n\t\t\t\t\t\t\t<div class=\"elementor-cta\">\n\t\t\t\t\t<div class=\"elementor-cta__bg-wrapper\">\n\t\t\t\t<div class=\"elementor-cta__bg elementor-bg\" style=\"background-image: url(https:\/\/kertepites.linkepites.eu\/wp-content\/uploads\/2025\/10\/wireframe-img-1-e1708013680578-1024x1024.png);\" role=\"img\" aria-label=\"wireframe-img-1-e1708013680578.png\"><\/div>\n\t\t\t\t<div class=\"elementor-cta__bg-overlay\"><\/div>\n\t\t\t<\/div>\n\t\t\t\t\t\t\t\t<\/div>\n\t\t\t\t\t\t<\/div>\n\t\t<div class=\"elementor-element elementor-element-b050c83 e-flex e-con-boxed e-con e-child\" data-id=\"b050c83\" data-element_type=\"container\">\n\t\t\t\t\t<div class=\"e-con-inner\">\n\t\t\t\t<div class=\"elementor-element elementor-element-e91f769 elementor-widget elementor-widget-heading\" data-id=\"e91f769\" data-element_type=\"widget\" data-widget_type=\"heading.default\">\n\t\t\t\t\t<div class=\"elementor-heading-title elementor-size-default\">Szab\u00f3 Anna<\/div>\t\t\t\t<\/div>\n\t\t\t\t<div class=\"elementor-element elementor-element-17e6be9 elementor-widget elementor-widget-heading\" data-id=\"17e6be9\" data-element_type=\"widget\" data-widget_type=\"heading.default\">\n\t\t\t\t\t<div class=\"elementor-heading-title elementor-size-default\">Kert\u00e9szeti tan\u00e1csad\u00f3<\/div>\t\t\t\t<\/div>\n\t\t\t\t\t<\/div>\n\t\t\t\t<\/div>\n\t\t\t\t<\/div>\n\t\t\t\t<\/div>\n\t\t\t\t\t<\/div>\n\t\t\t\t<\/div>\n\t\t<div class=\"elementor-element elementor-element-8cceaa4 e-flex e-con-boxed e-con e-parent\" data-id=\"8cceaa4\" data-element_type=\"container\" data-settings=\"{&quot;background_background&quot;:&quot;classic&quot;}\">\n\t\t\t\t\t<div class=\"e-con-inner\">\n\t\t<div class=\"elementor-element elementor-element-76e2a1e e-con-full e-flex e-con e-child\" data-id=\"76e2a1e\" data-element_type=\"container\">\n\t\t\t\t<div class=\"elementor-element elementor-element-145049d elementor-widget elementor-widget-image\" data-id=\"145049d\" data-element_type=\"widget\" data-widget_type=\"image.default\">\n\t\t\t\t\t\t\t\t\t\t\t\t\t\t\t<img fetchpriority=\"high\" decoding=\"async\" width=\"1920\" height=\"1080\" src=\"https:\/\/kertepites.linkepites.eu\/wp-content\/uploads\/2025\/10\/placeholder-demo-image-scaled-1.jpg\" class=\"attachment-full size-full wp-image-36\" alt=\"\" srcset=\"https:\/\/kertepites.linkepites.eu\/wp-content\/uploads\/2025\/10\/placeholder-demo-image-scaled-1.jpg 1920w, https:\/\/kertepites.linkepites.eu\/wp-content\/uploads\/2025\/10\/placeholder-demo-image-scaled-1-300x169.jpg 300w, https:\/\/kertepites.linkepites.eu\/wp-content\/uploads\/2025\/10\/placeholder-demo-image-scaled-1-1024x576.jpg 1024w, https:\/\/kertepites.linkepites.eu\/wp-content\/uploads\/2025\/10\/placeholder-demo-image-scaled-1-768x432.jpg 768w, https:\/\/kertepites.linkepites.eu\/wp-content\/uploads\/2025\/10\/placeholder-demo-image-scaled-1-1536x864.jpg 1536w\" sizes=\"(max-width: 1920px) 100vw, 1920px\" \/>\t\t\t\t\t\t\t\t\t\t\t\t\t\t\t<\/div>\n\t\t\t\t<div class=\"elementor-element elementor-element-86837cf elementor-widget elementor-widget-heading\" data-id=\"86837cf\" data-element_type=\"widget\" data-widget_type=\"heading.default\">\n\t\t\t\t\t<h2 class=\"elementor-heading-title elementor-size-default\">Alapvet\u0151 \u00c9rt\u00e9keink<\/h2>\t\t\t\t<\/div>\n\t\t\t\t<div class=\"elementor-element elementor-element-f1d9bd3 elementor-widget elementor-widget-text-editor\" data-id=\"f1d9bd3\" data-element_type=\"widget\" data-widget_type=\"text-editor.default\">\n\t\t\t\t\t\t\t\t\t<p>Sz\u00e1munkra a min\u0151s\u00e9g \u00e9s megb\u00edzhat\u00f3s\u00e1g alapvet\u0151 \u00e9rt\u00e9kek. Minden projekt\u00fcnkn\u00e9l arra t\u00f6reksz\u00fcnk, hogy a legjobb eredm\u00e9nyeket \u00e9rj\u00fck el, figyelembe v\u00e9ve \u00fcgyfeleink egyedi ig\u00e9nyeit. Hissz\u00fck, hogy a pontos tervez\u00e9s \u00e9s a prec\u00edz kivitelez\u00e9s a kulcsa a tart\u00f3s \u00e9s eszt\u00e9tikus kertek megval\u00f3s\u00edt\u00e1s\u00e1nak.<\/p>\t\t\t\t\t\t\t\t<\/div>\n\t\t\t\t<\/div>\n\t\t<div class=\"elementor-element elementor-element-c85416d e-con-full e-flex e-con e-child\" data-id=\"c85416d\" data-element_type=\"container\">\n\t\t\t\t<div class=\"elementor-element elementor-element-4aad455 elementor-widget elementor-widget-image\" data-id=\"4aad455\" data-element_type=\"widget\" data-widget_type=\"image.default\">\n\t\t\t\t\t\t\t\t\t\t\t\t\t\t\t<img fetchpriority=\"high\" decoding=\"async\" width=\"1920\" height=\"1080\" src=\"https:\/\/kertepites.linkepites.eu\/wp-content\/uploads\/2025\/10\/placeholder-demo-image-scaled-1.jpg\" class=\"attachment-full size-full wp-image-36\" alt=\"\" srcset=\"https:\/\/kertepites.linkepites.eu\/wp-content\/uploads\/2025\/10\/placeholder-demo-image-scaled-1.jpg 1920w, https:\/\/kertepites.linkepites.eu\/wp-content\/uploads\/2025\/10\/placeholder-demo-image-scaled-1-300x169.jpg 300w, https:\/\/kertepites.linkepites.eu\/wp-content\/uploads\/2025\/10\/placeholder-demo-image-scaled-1-1024x576.jpg 1024w, https:\/\/kertepites.linkepites.eu\/wp-content\/uploads\/2025\/10\/placeholder-demo-image-scaled-1-768x432.jpg 768w, https:\/\/kertepites.linkepites.eu\/wp-content\/uploads\/2025\/10\/placeholder-demo-image-scaled-1-1536x864.jpg 1536w\" sizes=\"(max-width: 1920px) 100vw, 1920px\" \/>\t\t\t\t\t\t\t\t\t\t\t\t\t\t\t<\/div>\n\t\t\t\t<div class=\"elementor-element elementor-element-9e9b6e3 elementor-widget elementor-widget-heading\" data-id=\"9e9b6e3\" data-element_type=\"widget\" data-widget_type=\"heading.default\">\n\t\t\t\t\t<h2 class=\"elementor-heading-title elementor-size-default\">Elk\u00f6telezetts\u00e9g\u00fcnk a Min\u0151s\u00e9g Ir\u00e1nt<\/h2>\t\t\t\t<\/div>\n\t\t\t\t<div class=\"elementor-element elementor-element-7593af4 elementor-widget elementor-widget-text-editor\" data-id=\"7593af4\" data-element_type=\"widget\" data-widget_type=\"text-editor.default\">\n\t\t\t\t\t\t\t\t\t<p>Minden egyes l\u00e9p\u00e9sn\u00e9l garant\u00e1ljuk a legmagasabb szint\u0171 szolg\u00e1ltat\u00e1st. Csapatunk tapasztalt szakemberekb\u0151l \u00e1ll, akik szenved\u00e9llyel v\u00e9gzik a munk\u00e1jukat. C\u00e9lunk, hogy minden \u00fcgyf\u00e9l el\u00e9gedett legyen, \u00e9s a vel\u00fcnk elt\u00f6lt\u00f6tt id\u0151 val\u00f3ban kellemes \u00e9lm\u00e9ny legyen.<\/p>\t\t\t\t\t\t\t\t<\/div>\n\t\t\t\t<\/div>\n\t\t\t\t\t<\/div>\n\t\t\t\t<\/div>\n\t\t<div class=\"elementor-element elementor-element-0612aa4 e-flex e-con-boxed e-con e-parent\" data-id=\"0612aa4\" data-element_type=\"container\" data-settings=\"{&quot;background_background&quot;:&quot;classic&quot;}\">\n\t\t\t\t\t<div class=\"e-con-inner\">\n\t\t<div class=\"elementor-element elementor-element-e388d91 e-con-full e-flex e-con e-child\" data-id=\"e388d91\" data-element_type=\"container\">\n\t\t\t\t<div class=\"elementor-element elementor-element-94d5dee elementor-widget elementor-widget-heading\" data-id=\"94d5dee\" data-element_type=\"widget\" data-widget_type=\"heading.default\">\n\t\t\t\t\t<h5 class=\"elementor-heading-title elementor-size-default\">El\u00e9gedett \u00fcgyfelek<\/h5>\t\t\t\t<\/div>\n\t\t\t\t<div class=\"elementor-element elementor-element-128812c elementor-widget elementor-widget-heading\" data-id=\"128812c\" data-element_type=\"widget\" data-widget_type=\"heading.default\">\n\t\t\t\t\t<h2 class=\"elementor-heading-title elementor-size-default\">Mit mondanak r\u00f3lunk el\u00e9gedett \u00fcgyfeleink<\/h2>\t\t\t\t<\/div>\n\t\t\t\t<\/div>\n\t\t<div class=\"elementor-element elementor-element-bf42fc7 e-con-full e-flex e-con e-child\" data-id=\"bf42fc7\" data-element_type=\"container\">\n\t\t<div class=\"elementor-element elementor-element-d19f26f e-con-full e-flex e-con e-child\" data-id=\"d19f26f\" data-element_type=\"container\">\n\t\t\t\t<div class=\"elementor-element elementor-element-14a490f elementor--star-style-\u2b50\u2b50\u2b50\u2b50\u2b50 elementor-star-rating--align-center elementor-widget elementor-widget-star-rating\" data-id=\"14a490f\" data-element_type=\"widget\" data-widget_type=\"star-rating.default\">\n\t\t\t\t\t\t\t<div class=\"elementor-star-rating__wrapper\">\n\t\t\t\t\t\t<div class=\"elementor-star-rating\" itemtype=\"http:\/\/schema.org\/Rating\" itemscope=\"\" itemprop=\"reviewRating\">\n\t\t\t\t<i class=\"elementor-star-full\" aria-hidden=\"true\">&#xE934;<\/i><i class=\"elementor-star-full\" aria-hidden=\"true\">&#xE934;<\/i><i class=\"elementor-star-full\" aria-hidden=\"true\">&#xE934;<\/i><i class=\"elementor-star-full\" aria-hidden=\"true\">&#xE934;<\/i><i class=\"elementor-star-full\" aria-hidden=\"true\">&#xE934;<\/i>\t\t\t\t<span itemprop=\"ratingValue\" class=\"elementor-screen-only\">Rated 5 out of 5<\/span>\n\t\t\t<\/div>\n\t\t<\/div>\n\t\t\t\t\t\t<\/div>\n\t\t\t\t<div class=\"elementor-element elementor-element-c4ce000 elementor-widget elementor-widget-testimonial\" data-id=\"c4ce000\" data-element_type=\"widget\" data-widget_type=\"testimonial.default\">\n\t\t\t\t\t\t\t<div class=\"elementor-testimonial-wrapper\">\n\t\t\t\t\t\t\t<div class=\"elementor-testimonial-content\">\u201eA kertem \u00e1talak\u00edt\u00e1sa hihetetlen \u00e9lm\u00e9ny volt! Az \u0151 csapatuk rendk\u00edv\u00fcl profi \u00e9s r\u00e1termett, minden \u00e1lmomat val\u00f3ra v\u00e1ltott\u00e1k.\u201c<\/div>\n\t\t\t\n\t\t\t\t\t\t<div class=\"elementor-testimonial-meta\">\n\t\t\t\t<div class=\"elementor-testimonial-meta-inner\">\n\t\t\t\t\t\n\t\t\t\t\t\t\t\t\t\t<div class=\"elementor-testimonial-details\">\n\t\t\t\t\t\t\t\t\t\t\t\t\t\t<div class=\"elementor-testimonial-name\">Kov\u00e1cs P\u00e9ter<\/div>\n\t\t\t\t\t\t\t\t\t\t\t\t\t\t\t\t\t\t\t\t\t\t<div class=\"elementor-testimonial-job\">Boldog \u00fcgyf\u00e9l<\/div>\n\t\t\t\t\t\t\t\t\t\t\t\t\t<\/div>\n\t\t\t\t\t\t\t\t\t<\/div>\n\t\t\t<\/div>\n\t\t\t\t\t<\/div>\n\t\t\t\t\t\t<\/div>\n\t\t\t\t<\/div>\n\t\t\t\t<\/div>\n\t\t\t\t\t<\/div>\n\t\t\t\t<\/div>\n\t\t<div class=\"elementor-element elementor-element-3cb8a5c e-flex e-con-boxed e-con e-parent\" data-id=\"3cb8a5c\" data-element_type=\"container\" data-settings=\"{&quot;background_background&quot;:&quot;classic&quot;}\">\n\t\t\t\t\t<div class=\"e-con-inner\">\n\t\t<div class=\"elementor-element elementor-element-f16b119 e-flex e-con-boxed e-con e-child\" data-id=\"f16b119\" data-element_type=\"container\">\n\t\t\t\t\t<div class=\"e-con-inner\">\n\t\t\t\t<div class=\"elementor-element elementor-element-168f11b elementor-widget elementor-widget-heading\" data-id=\"168f11b\" data-element_type=\"widget\" data-widget_type=\"heading.default\">\n\t\t\t\t\t<h4 class=\"elementor-heading-title elementor-size-default\">V\u00e1lassza a professzion\u00e1lis kert\u00e9p\u00edt\u00e9st!<\/h4>\t\t\t\t<\/div>\n\t\t\t\t<div class=\"elementor-element elementor-element-bb20c2b elementor-widget elementor-widget-text-editor\" data-id=\"bb20c2b\" data-element_type=\"widget\" data-widget_type=\"text-editor.default\">\n\t\t\t\t\t\t\t\t\t<p>Legyen sz\u00f3 \u00faj kert tervez\u00e9s\u00e9r\u0151l vagy a megl\u00e9v\u0151 \u00e1talak\u00edt\u00e1s\u00e1r\u00f3l, szakembereink k\u00e9szen \u00e1llnak seg\u00edteni \u00d6nnek. Szolg\u00e1ltat\u00e1saink sz\u00e9les sk\u00e1l\u00e1j\u00e1val biztos\u00edtjuk, hogy a kertje nemcsak sz\u00e9p, hanem funkcion\u00e1lis is legyen. Vegye fel vel\u00fcnk a kapcsolatot, \u00e9s tapasztalja meg, hogyan var\u00e1zsolhatjuk el kertj\u00e9t!<\/p>\t\t\t\t\t\t\t\t<\/div>\n\t\t\t\t<div class=\"elementor-element elementor-element-3f7b3cb elementor-widget__width-auto elementor-align-right elementor-widget elementor-widget-button\" data-id=\"3f7b3cb\" data-element_type=\"widget\" data-widget_type=\"button.default\">\n\t\t\t\t\t\t\t\t\t\t<a class=\"elementor-button elementor-button-link elementor-size-sm\" href=\"#\">\n\t\t\t\t\t\t<span class=\"elementor-button-content-wrapper\">\n\t\t\t\t\t\t\t\t\t<span class=\"elementor-button-text\">Kapcsolat<\/span>\n\t\t\t\t\t<\/span>\n\t\t\t\t\t<\/a>\n\t\t\t\t\t\t\t\t<\/div>\n\t\t\t\t\t<\/div>\n\t\t\t\t<\/div>\n\t\t\t\t\t<\/div>\n\t\t\t\t<\/div>\n\t\t\t\t<\/div>\n\t\t","protected":false},"excerpt":{"rendered":"<p>Kert\u00e9p\u00edt\u00e9s szak\u00e9rtelemmel Szakk\u00e9pzett csapatunk seg\u00edt \u00d6nnek \u00e1lmai kertj\u00e9nek megval\u00f3s\u00edt\u00e1s\u00e1ban. Minden projektet a lehet\u0151 legmagasabb sz\u00ednvonalon kezel\u00fcnk, figyelembe v\u00e9ve az egyedi ig\u00e9nyeket \u00e9s a k\u00f6rnyez\u0151 ter\u00fclet adotts\u00e1gait. Forduljon hozz\u00e1nk bizalommal, ha professzion\u00e1lis \u00e9s megb\u00edzhat\u00f3 kert\u00e9p\u00edt\u00e9si szolg\u00e1ltat\u00e1st keres! C\u00e9g\u00fcnk t\u00f6rt\u00e9nete 1965-ben ind\u00edtottuk el kert\u00e9p\u00edt\u00e9szeti szolg\u00e1ltat\u00e1sainkat. Az\u00f3ta t\u00f6retlen fejl\u0151d\u00e9sen ment\u00fcnk kereszt\u00fcl, \u00e9s sz\u00e1mos el\u00e9gedett \u00fcgyf\u00e9l k\u00eds\u00e9rte v\u00e9gig utunkat. [&hellip;]<\/p>\n","protected":false},"author":1,"featured_media":0,"parent":0,"menu_order":0,"comment_status":"closed","ping_status":"closed","template":"","meta":{"footnotes":""},"class_list":["post-20","page","type-page","status-publish","hentry"],"_links":{"self":[{"href":"https:\/\/kertepites.linkepites.eu\/index.php\/wp-json\/wp\/v2\/pages\/20","targetHints":{"allow":["GET"]}}],"collection":[{"href":"https:\/\/kertepites.linkepites.eu\/index.php\/wp-json\/wp\/v2\/pages"}],"about":[{"href":"https:\/\/kertepites.linkepites.eu\/index.php\/wp-json\/wp\/v2\/types\/page"}],"author":[{"embeddable":true,"href":"https:\/\/kertepites.linkepites.eu\/index.php\/wp-json\/wp\/v2\/users\/1"}],"replies":[{"embeddable":true,"href":"https:\/\/kertepites.linkepites.eu\/index.php\/wp-json\/wp\/v2\/comments?post=20"}],"version-history":[{"count":1,"href":"https:\/\/kertepites.linkepites.eu\/index.php\/wp-json\/wp\/v2\/pages\/20\/revisions"}],"predecessor-version":[{"id":47,"href":"https:\/\/kertepites.linkepites.eu\/index.php\/wp-json\/wp\/v2\/pages\/20\/revisions\/47"}],"wp:attachment":[{"href":"https:\/\/kertepites.linkepites.eu\/index.php\/wp-json\/wp\/v2\/media?parent=20"}],"curies":[{"name":"wp","href":"https:\/\/api.w.org\/{rel}","templated":true}]}}