{"id":12,"date":"2025-10-29T01:26:58","date_gmt":"2025-10-29T01:26:58","guid":{"rendered":"https:\/\/kertepites.linkepites.eu\/index.php\/munkainkbol\/"},"modified":"2025-10-29T01:27:16","modified_gmt":"2025-10-29T01:27:16","slug":"munkainkbol","status":"publish","type":"page","link":"https:\/\/kertepites.linkepites.eu\/index.php\/munkainkbol\/","title":{"rendered":"Munk\u00e1inkb\u00f3l"},"content":{"rendered":"\t\t<div data-elementor-type=\"wp-page\" data-elementor-id=\"12\" class=\"elementor elementor-12\" data-elementor-post-type=\"page\">\n\t\t\t\t<div class=\"elementor-element elementor-element-37ccfcc e-flex e-con-boxed e-con e-parent\" data-id=\"37ccfcc\" data-element_type=\"container\" data-settings=\"{&quot;background_background&quot;:&quot;classic&quot;}\">\n\t\t\t\t\t<div class=\"e-con-inner\">\n\t\t<div class=\"elementor-element elementor-element-a1ddd6d e-con-full e-flex e-con e-child\" data-id=\"a1ddd6d\" data-element_type=\"container\">\n\t\t\t\t<div class=\"elementor-element elementor-element-9979cc1 elementor-widget elementor-widget-heading\" data-id=\"9979cc1\" data-element_type=\"widget\" data-widget_type=\"heading.default\">\n\t\t\t\t\t<h1 class=\"elementor-heading-title elementor-size-default\">Fedezd fel kerted lehet\u0151s\u00e9geit!<\/h1>\t\t\t\t<\/div>\n\t\t\t\t<div class=\"elementor-element elementor-element-a6ec813 elementor-widget elementor-widget-text-editor\" data-id=\"a6ec813\" data-element_type=\"widget\" data-widget_type=\"text-editor.default\">\n\t\t\t\t\t\t\t\t\t<p><span style=\"font-weight: 400;\">Fedezd fel szolg\u00e1ltat\u00e1sainkat, amelyek seg\u00edtenek megval\u00f3s\u00edtani a kertr\u0151l alkotott \u00e1lmaidat. Inspir\u00e1l\u00f3 megold\u00e1sokkal \u00e9s szak\u00e9rtelemmel v\u00e1runk, hogy a legjobbat ny\u00fajthassuk sz\u00e1modra.<\/span><\/p>\t\t\t\t\t\t\t\t<\/div>\n\t\t\t\t<div class=\"elementor-element elementor-element-60b26f8 elementor-mobile-button-align-stretch elementor-button-align-stretch elementor-widget elementor-widget-form\" data-id=\"60b26f8\" data-element_type=\"widget\" data-settings=\"{&quot;button_width&quot;:&quot;30&quot;,&quot;step_next_label&quot;:&quot;Tov\\u00e1bb&quot;,&quot;step_previous_label&quot;:&quot;Vissza&quot;,&quot;button_width_tablet&quot;:&quot;40&quot;,&quot;button_width_mobile&quot;:&quot;100&quot;,&quot;step_type&quot;:&quot;number_text&quot;,&quot;step_icon_shape&quot;:&quot;circle&quot;}\" data-widget_type=\"form.default\">\n\t\t\t\t\t\t\t<form class=\"elementor-form\" method=\"post\" name=\"Kapcsolatfelv\u00e9tel\" aria-label=\"Kapcsolatfelv\u00e9tel\">\n\t\t\t<input type=\"hidden\" name=\"post_id\" value=\"12\"\/>\n\t\t\t<input type=\"hidden\" name=\"form_id\" value=\"60b26f8\"\/>\n\t\t\t<input type=\"hidden\" name=\"referer_title\" value=\"Munk\u00e1inkb\u00f3l\" \/>\n\n\t\t\t\t\t\t\t<input type=\"hidden\" name=\"queried_id\" value=\"12\"\/>\n\t\t\t\n\t\t\t<div class=\"elementor-form-fields-wrapper elementor-labels-above\">\n\t\t\t\t\t\t\t\t<div class=\"elementor-field-type-email elementor-field-group elementor-column elementor-field-group-n\u00e9v elementor-col-70 elementor-md-60\">\n\t\t\t\t\t\t\t\t\t\t\t\t\t<input size=\"1\" type=\"email\" name=\"form_fields[n\u00e9v]\" id=\"form-field-n\u00e9v\" class=\"elementor-field elementor-size-sm  elementor-field-textual\" placeholder=\"Add meg az email c\u00edmed\">\n\t\t\t\t\t\t\t\t\t\t\t<\/div>\n\t\t\t\t\t\t\t\t<div class=\"elementor-field-group elementor-column elementor-field-type-submit elementor-col-30 e-form__buttons elementor-md-40 elementor-sm-100\">\n\t\t\t\t\t<button class=\"elementor-button elementor-size-sm\" type=\"submit\">\n\t\t\t\t\t\t<span class=\"elementor-button-content-wrapper\">\n\t\t\t\t\t\t\t\t\t\t\t\t\t\t\t\t\t\t\t\t\t\t<span class=\"elementor-button-text\">Jelentkezem<\/span>\n\t\t\t\t\t\t\t\t\t\t\t\t\t<\/span>\n\t\t\t\t\t<\/button>\n\t\t\t\t<\/div>\n\t\t\t<\/div>\n\t\t<\/form>\n\t\t\t\t\t\t<\/div>\n\t\t\t\t<div class=\"elementor-element elementor-element-6a5a9df elementor-widget elementor-widget-text-editor\" data-id=\"6a5a9df\" data-element_type=\"widget\" data-widget_type=\"text-editor.default\">\n\t\t\t\t\t\t\t\t\t<p>A Jelentkezem gombra kattintva elfogadod a Felhaszn\u00e1l\u00e1si felt\u00e9teleinket.<\/p>\t\t\t\t\t\t\t\t<\/div>\n\t\t\t\t<\/div>\n\t\t<div class=\"elementor-element elementor-element-a2f01df e-con-full e-flex e-con e-child\" data-id=\"a2f01df\" data-element_type=\"container\">\n\t\t\t\t<div class=\"elementor-element elementor-element-a206520 elementor-widget elementor-widget-video\" data-id=\"a206520\" data-element_type=\"widget\" data-settings=\"{&quot;youtube_url&quot;:&quot;https:\\\/\\\/www.youtube.com\\\/watch?v=XHOmBV4js_E&quot;,&quot;video_type&quot;:&quot;youtube&quot;,&quot;controls&quot;:&quot;yes&quot;}\" data-widget_type=\"video.default\">\n\t\t\t\t\t\t\t<div class=\"elementor-wrapper elementor-open-inline\">\n\t\t\t<div class=\"elementor-video\"><\/div>\t\t<\/div>\n\t\t\t\t\t\t<\/div>\n\t\t\t\t<\/div>\n\t\t\t\t\t<\/div>\n\t\t\t\t<\/div>\n\t\t<div class=\"elementor-element elementor-element-ddc6338 e-flex e-con-boxed e-con e-parent\" data-id=\"ddc6338\" data-element_type=\"container\">\n\t\t\t\t\t<div class=\"e-con-inner\">\n\t\t\t\t<div class=\"elementor-element elementor-element-982fbca elementor-widget elementor-widget-heading\" data-id=\"982fbca\" data-element_type=\"widget\" data-widget_type=\"heading.default\">\n\t\t\t\t\t<h2 class=\"elementor-heading-title elementor-size-default\">K\u00e9pgal\u00e9ria<\/h2>\t\t\t\t<\/div>\n\t\t\t\t<div class=\"elementor-element elementor-element-44ab112 elementor-widget elementor-widget-heading\" data-id=\"44ab112\" data-element_type=\"widget\" data-widget_type=\"heading.default\">\n\t\t\t\t\t<h5 class=\"elementor-heading-title elementor-size-default\">Fedezze fel eddigi munk\u00e1inkat. Gal\u00e9ri\u00e1nk bepillant\u00e1st ny\u00fajt kreat\u00edv kert\u00e9p\u00edt\u00e9si projektjeinkbe.<\/h5>\t\t\t\t<\/div>\n\t\t<div class=\"elementor-element elementor-element-24a9ec7 e-grid e-con-boxed e-con e-child\" data-id=\"24a9ec7\" data-element_type=\"container\">\n\t\t\t\t\t<div class=\"e-con-inner\">\n\t\t\t\t<div class=\"elementor-element elementor-element-a896161 elementor-widget elementor-widget-image\" data-id=\"a896161\" data-element_type=\"widget\" data-widget_type=\"image.default\">\n\t\t\t\t\t\t\t\t\t\t\t\t\t\t\t<img fetchpriority=\"high\" decoding=\"async\" width=\"1920\" height=\"1080\" src=\"https:\/\/kertepites.linkepites.eu\/wp-content\/uploads\/2025\/10\/placeholder-demo-image-640x640-1.jpg\" class=\"attachment-full size-full wp-image-43\" alt=\"\" srcset=\"https:\/\/kertepites.linkepites.eu\/wp-content\/uploads\/2025\/10\/placeholder-demo-image-640x640-1.jpg 1920w, https:\/\/kertepites.linkepites.eu\/wp-content\/uploads\/2025\/10\/placeholder-demo-image-640x640-1-300x169.jpg 300w, https:\/\/kertepites.linkepites.eu\/wp-content\/uploads\/2025\/10\/placeholder-demo-image-640x640-1-1024x576.jpg 1024w, https:\/\/kertepites.linkepites.eu\/wp-content\/uploads\/2025\/10\/placeholder-demo-image-640x640-1-768x432.jpg 768w, https:\/\/kertepites.linkepites.eu\/wp-content\/uploads\/2025\/10\/placeholder-demo-image-640x640-1-1536x864.jpg 1536w\" sizes=\"(max-width: 1920px) 100vw, 1920px\" \/>\t\t\t\t\t\t\t\t\t\t\t\t\t\t\t<\/div>\n\t\t\t\t<div class=\"elementor-element elementor-element-3b66df6 elementor-widget elementor-widget-image\" data-id=\"3b66df6\" data-element_type=\"widget\" data-widget_type=\"image.default\">\n\t\t\t\t\t\t\t\t\t\t\t\t\t\t\t<img fetchpriority=\"high\" decoding=\"async\" width=\"1920\" height=\"1080\" src=\"https:\/\/kertepites.linkepites.eu\/wp-content\/uploads\/2025\/10\/placeholder-demo-image-640x640-1.jpg\" class=\"attachment-full size-full wp-image-43\" alt=\"\" srcset=\"https:\/\/kertepites.linkepites.eu\/wp-content\/uploads\/2025\/10\/placeholder-demo-image-640x640-1.jpg 1920w, https:\/\/kertepites.linkepites.eu\/wp-content\/uploads\/2025\/10\/placeholder-demo-image-640x640-1-300x169.jpg 300w, https:\/\/kertepites.linkepites.eu\/wp-content\/uploads\/2025\/10\/placeholder-demo-image-640x640-1-1024x576.jpg 1024w, https:\/\/kertepites.linkepites.eu\/wp-content\/uploads\/2025\/10\/placeholder-demo-image-640x640-1-768x432.jpg 768w, https:\/\/kertepites.linkepites.eu\/wp-content\/uploads\/2025\/10\/placeholder-demo-image-640x640-1-1536x864.jpg 1536w\" sizes=\"(max-width: 1920px) 100vw, 1920px\" \/>\t\t\t\t\t\t\t\t\t\t\t\t\t\t\t<\/div>\n\t\t\t\t<div class=\"elementor-element elementor-element-38b772d elementor-widget elementor-widget-image\" data-id=\"38b772d\" data-element_type=\"widget\" data-widget_type=\"image.default\">\n\t\t\t\t\t\t\t\t\t\t\t\t\t\t\t<img fetchpriority=\"high\" decoding=\"async\" width=\"1920\" height=\"1080\" src=\"https:\/\/kertepites.linkepites.eu\/wp-content\/uploads\/2025\/10\/placeholder-demo-image-640x640-1.jpg\" class=\"attachment-full size-full wp-image-43\" alt=\"\" srcset=\"https:\/\/kertepites.linkepites.eu\/wp-content\/uploads\/2025\/10\/placeholder-demo-image-640x640-1.jpg 1920w, https:\/\/kertepites.linkepites.eu\/wp-content\/uploads\/2025\/10\/placeholder-demo-image-640x640-1-300x169.jpg 300w, https:\/\/kertepites.linkepites.eu\/wp-content\/uploads\/2025\/10\/placeholder-demo-image-640x640-1-1024x576.jpg 1024w, https:\/\/kertepites.linkepites.eu\/wp-content\/uploads\/2025\/10\/placeholder-demo-image-640x640-1-768x432.jpg 768w, https:\/\/kertepites.linkepites.eu\/wp-content\/uploads\/2025\/10\/placeholder-demo-image-640x640-1-1536x864.jpg 1536w\" sizes=\"(max-width: 1920px) 100vw, 1920px\" \/>\t\t\t\t\t\t\t\t\t\t\t\t\t\t\t<\/div>\n\t\t\t\t\t<\/div>\n\t\t\t\t<\/div>\n\t\t\t\t\t<\/div>\n\t\t\t\t<\/div>\n\t\t<div class=\"elementor-element elementor-element-537858b e-flex e-con-boxed e-con e-parent\" data-id=\"537858b\" data-element_type=\"container\">\n\t\t\t\t\t<div class=\"e-con-inner\">\n\t\t<div class=\"elementor-element elementor-element-5a554f1 e-con-full e-flex e-con e-child\" data-id=\"5a554f1\" data-element_type=\"container\" data-settings=\"{&quot;background_background&quot;:&quot;classic&quot;}\">\n\t\t\t\t<div class=\"elementor-element elementor-element-98153b2 elementor-widget elementor-widget-heading\" data-id=\"98153b2\" data-element_type=\"widget\" data-widget_type=\"heading.default\">\n\t\t\t\t\t<h5 class=\"elementor-heading-title elementor-size-default\">\u00dcgyf\u00e9l visszajelz\u00e9sek<\/h5>\t\t\t\t<\/div>\n\t\t\t\t<div class=\"elementor-element elementor-element-656f354 elementor-widget elementor-widget-heading\" data-id=\"656f354\" data-element_type=\"widget\" data-widget_type=\"heading.default\">\n\t\t\t\t\t<h2 class=\"elementor-heading-title elementor-size-default\">Ne csak a mi szavunkat hallgasd!<\/h2>\t\t\t\t<\/div>\n\t\t\t\t<\/div>\n\t\t<div class=\"elementor-element elementor-element-fe872c0 e-con-full e-flex e-con e-child\" data-id=\"fe872c0\" data-element_type=\"container\">\n\t\t\t\t<div class=\"elementor-element elementor-element-674ef13 elementor-testimonial--skin-default elementor-testimonial--layout-image_inline elementor-widget elementor-widget-testimonial-carousel\" data-id=\"674ef13\" data-element_type=\"widget\" data-settings=\"{&quot;slides_per_view&quot;:&quot;1&quot;,&quot;slides_to_scroll&quot;:&quot;1&quot;,&quot;space_between&quot;:{&quot;unit&quot;:&quot;px&quot;,&quot;size&quot;:&quot;&quot;,&quot;sizes&quot;:[]},&quot;autoplay_speed&quot;:4000,&quot;speed&quot;:500,&quot;autoplay&quot;:&quot;yes&quot;,&quot;loop&quot;:&quot;yes&quot;,&quot;pause_on_hover&quot;:&quot;yes&quot;,&quot;pause_on_interaction&quot;:&quot;yes&quot;,&quot;space_between_tablet&quot;:{&quot;unit&quot;:&quot;px&quot;,&quot;size&quot;:10,&quot;sizes&quot;:[]},&quot;space_between_mobile&quot;:{&quot;unit&quot;:&quot;px&quot;,&quot;size&quot;:10,&quot;sizes&quot;:[]}}\" data-widget_type=\"testimonial-carousel.default\">\n\t\t\t\t\t\t\t\t\t\t<div class=\"elementor-main-swiper swiper\" role=\"region\" aria-roledescription=\"carousel\" aria-label=\"Di\u00e1k\">\n\t\t\t\t<div class=\"swiper-wrapper\">\n\t\t\t\t\t\t\t\t\t\t\t<div class=\"swiper-slide\" role=\"group\" aria-roledescription=\"slide\">\n\t\t\t\t\t\t\t\t\t<div class=\"elementor-testimonial\">\n\t\t\t\t\t\t\t<div class=\"elementor-testimonial__content\">\n\t\t\t\t\t<div class=\"elementor-testimonial__text\">\n\t\t\t\t\t\t\u201eAz \u00d6n szolg\u00e1ltat\u00e1s\u00e1val a kertem gy\u00f6ny\u00f6r\u0171en rendbe lett t\u00e9ve. \u00c9szre sem vettem, mennyire j\u00f3k a r\u00e9szletek, m\u00edg a szakemberek n\u00e1lam dolgoztak! K\u00f6sz\u00f6n\u00f6m a szakszer\u0171 \u00e9s gyors munk\u00e1t!\u201d\t\t\t\t\t<\/div>\n\t\t\t\t\t\t\t\t\t<\/div>\n\t\t\t\t\t\t<div class=\"elementor-testimonial__footer\">\n\t\t\t\t\t\t\t\t<cite class=\"elementor-testimonial__cite\"><span class=\"elementor-testimonial__name\">Kov\u00e1cs P\u00e9ter, kert\u00e9sz<\/span><span class=\"elementor-testimonial__title\">Budapest, 1143<\/span><\/cite>\t\t\t<\/div>\n\t\t<\/div>\n\t\t\t\t\t\t\t\t<\/div>\n\t\t\t\t\t\t\t\t\t<\/div>\n\t\t\t\t\t\t\t<\/div>\n\t\t\t\t\t\t\t\t<\/div>\n\t\t\t\t<\/div>\n\t\t\t\t\t<\/div>\n\t\t\t\t<\/div>\n\t\t<div class=\"elementor-element elementor-element-de03d44 e-con-full e-flex e-con e-parent\" data-id=\"de03d44\" data-element_type=\"container\">\n\t\t<div class=\"elementor-element elementor-element-d01937b e-con-full e-flex e-con e-child\" data-id=\"d01937b\" data-element_type=\"container\">\n\t\t\t\t<div class=\"elementor-element elementor-element-7c4b24e elementor-cta--skin-classic elementor-animated-content elementor-bg-transform elementor-bg-transform-zoom-in elementor-widget elementor-widget-call-to-action\" data-id=\"7c4b24e\" data-element_type=\"widget\" data-widget_type=\"call-to-action.default\">\n\t\t\t\t\t\t\t<div class=\"elementor-cta\">\n\t\t\t\t\t<div class=\"elementor-cta__bg-wrapper\">\n\t\t\t\t<div class=\"elementor-cta__bg elementor-bg\" style=\"background-image: url(https:\/\/kertepites.linkepites.eu\/wp-content\/uploads\/2025\/10\/wireframe-img-1-e1708013680578.png);\" role=\"img\" aria-label=\"wireframe-img-1-e1708013680578.png\"><\/div>\n\t\t\t\t<div class=\"elementor-cta__bg-overlay\"><\/div>\n\t\t\t<\/div>\n\t\t\t\t\t\t\t\t<\/div>\n\t\t\t\t\t\t<\/div>\n\t\t\t\t<\/div>\n\t\t<div class=\"elementor-element elementor-element-8c69c24 e-con-full e-flex e-con e-child\" data-id=\"8c69c24\" data-element_type=\"container\" data-settings=\"{&quot;background_background&quot;:&quot;classic&quot;}\">\n\t\t\t\t<div class=\"elementor-element elementor-element-ca59447 elementor-widget elementor-widget-heading\" data-id=\"ca59447\" data-element_type=\"widget\" data-widget_type=\"heading.default\">\n\t\t\t\t\t<h2 class=\"elementor-heading-title elementor-size-default\">L\u00e9pjen vel\u00fcnk kapcsolatba m\u00e9g ma!<\/h2>\t\t\t\t<\/div>\n\t\t\t\t<div class=\"elementor-element elementor-element-a7962cb elementor-widget__width-auto elementor-widget elementor-widget-button\" data-id=\"a7962cb\" data-element_type=\"widget\" data-widget_type=\"button.default\">\n\t\t\t\t\t\t\t\t\t\t<a class=\"elementor-button elementor-button-link elementor-size-sm\" href=\"#\">\n\t\t\t\t\t\t<span class=\"elementor-button-content-wrapper\">\n\t\t\t\t\t\t\t\t\t<span class=\"elementor-button-text\">Aj\u00e1nlatk\u00e9r\u00e9s<\/span>\n\t\t\t\t\t<\/span>\n\t\t\t\t\t<\/a>\n\t\t\t\t\t\t\t\t<\/div>\n\t\t\t\t<\/div>\n\t\t\t\t<\/div>\n\t\t<div class=\"elementor-element elementor-element-fab2935 e-flex e-con-boxed e-con e-parent\" data-id=\"fab2935\" data-element_type=\"container\" data-settings=\"{&quot;background_background&quot;:&quot;classic&quot;}\">\n\t\t\t\t\t<div class=\"e-con-inner\">\n\t\t\t\t<div class=\"elementor-element elementor-element-026aee1 elementor-widget elementor-widget-heading\" data-id=\"026aee1\" data-element_type=\"widget\" data-widget_type=\"heading.default\">\n\t\t\t\t\t<h2 class=\"elementor-heading-title elementor-size-default\">Munkafolyamatunk<\/h2>\t\t\t\t<\/div>\n\t\t<div class=\"elementor-element elementor-element-b187ec9 e-con-full e-flex e-con e-child\" data-id=\"b187ec9\" data-element_type=\"container\">\n\t\t<div class=\"elementor-element elementor-element-653797a e-con-full e-flex e-con e-child\" data-id=\"653797a\" data-element_type=\"container\">\n\t\t\t\t<div class=\"elementor-element elementor-element-7fa59d5 elementor-widget-divider--view-line elementor-widget elementor-widget-divider\" data-id=\"7fa59d5\" data-element_type=\"widget\" data-widget_type=\"divider.default\">\n\t\t\t\t\t\t\t<div class=\"elementor-divider\">\n\t\t\t<span class=\"elementor-divider-separator\">\n\t\t\t\t\t\t<\/span>\n\t\t<\/div>\n\t\t\t\t\t\t<\/div>\n\t\t\t\t<div class=\"elementor-element elementor-element-dfa45f8 elementor-widget elementor-widget-heading\" data-id=\"dfa45f8\" data-element_type=\"widget\" data-widget_type=\"heading.default\">\n\t\t\t\t\t<h2 class=\"elementor-heading-title elementor-size-default\">Els\u0151 l\u00e9p\u00e9s<\/h2>\t\t\t\t<\/div>\n\t\t\t\t<div class=\"elementor-element elementor-element-d4b9ffe elementor-widget elementor-widget-text-editor\" data-id=\"d4b9ffe\" data-element_type=\"widget\" data-widget_type=\"text-editor.default\">\n\t\t\t\t\t\t\t\t\t<p>El\u0151sz\u00f6r is, felm\u00e9rj\u00fck az ig\u00e9nyeit. Besz\u00e9lj\u00fck \u00e1t a c\u00e9lokat, hogy megtudjuk, mit szeretne el\u00e9rni kertj\u00e9vel. Ez a l\u00e9p\u00e9s elengedhetetlen ahhoz, hogy a legjobb megold\u00e1sokat k\u00edn\u00e1lhassuk \u00d6nnek.<\/p>\t\t\t\t\t\t\t\t<\/div>\n\t\t\t\t<\/div>\n\t\t<div class=\"elementor-element elementor-element-5bac8a9 e-con-full e-flex e-con e-child\" data-id=\"5bac8a9\" data-element_type=\"container\">\n\t\t\t\t<div class=\"elementor-element elementor-element-9db9783 elementor-widget-divider--view-line elementor-widget elementor-widget-divider\" data-id=\"9db9783\" data-element_type=\"widget\" data-widget_type=\"divider.default\">\n\t\t\t\t\t\t\t<div class=\"elementor-divider\">\n\t\t\t<span class=\"elementor-divider-separator\">\n\t\t\t\t\t\t<\/span>\n\t\t<\/div>\n\t\t\t\t\t\t<\/div>\n\t\t\t\t<div class=\"elementor-element elementor-element-65a3d14 elementor-widget elementor-widget-heading\" data-id=\"65a3d14\" data-element_type=\"widget\" data-widget_type=\"heading.default\">\n\t\t\t\t\t<h2 class=\"elementor-heading-title elementor-size-default\">M\u00e1sodik l\u00e9p\u00e9s<\/h2>\t\t\t\t<\/div>\n\t\t\t\t<div class=\"elementor-element elementor-element-e2400c3 elementor-widget elementor-widget-text-editor\" data-id=\"e2400c3\" data-element_type=\"widget\" data-widget_type=\"text-editor.default\">\n\t\t\t\t\t\t\t\t\t<p>K\u00f6vetkezik a tervez\u00e9si folyamat. Ekkor ker\u00edtj\u00fck \u00f6ssze a legjobb \u00f6tleteket a megval\u00f3s\u00edt\u00e1shoz. L\u00e9trehozzuk a kert r\u00e9szletes terveit, figyelembe v\u00e9ve az \u00d6n preferenci\u00e1it \u00e9s a k\u00f6rnyezeti t\u00e9nyez\u0151ket.<\/p>\t\t\t\t\t\t\t\t<\/div>\n\t\t\t\t<\/div>\n\t\t<div class=\"elementor-element elementor-element-7981fa3 e-con-full e-flex e-con e-child\" data-id=\"7981fa3\" data-element_type=\"container\">\n\t\t\t\t<div class=\"elementor-element elementor-element-871ee2f elementor-widget-divider--view-line elementor-widget elementor-widget-divider\" data-id=\"871ee2f\" data-element_type=\"widget\" data-widget_type=\"divider.default\">\n\t\t\t\t\t\t\t<div class=\"elementor-divider\">\n\t\t\t<span class=\"elementor-divider-separator\">\n\t\t\t\t\t\t<\/span>\n\t\t<\/div>\n\t\t\t\t\t\t<\/div>\n\t\t\t\t<div class=\"elementor-element elementor-element-170c31d elementor-widget elementor-widget-heading\" data-id=\"170c31d\" data-element_type=\"widget\" data-widget_type=\"heading.default\">\n\t\t\t\t\t<h2 class=\"elementor-heading-title elementor-size-default\">Harmadik l\u00e9p\u00e9s<\/h2>\t\t\t\t<\/div>\n\t\t\t\t<div class=\"elementor-element elementor-element-78af0fd elementor-widget elementor-widget-text-editor\" data-id=\"78af0fd\" data-element_type=\"widget\" data-widget_type=\"text-editor.default\">\n\t\t\t\t\t\t\t\t\t<p>A harmadik l\u00e9p\u00e9sben a kivitelez\u00e9s t\u00f6rt\u00e9nik. Szakszer\u0171 csapatunk minden r\u00e9szletre \u00fcgyel, hogy a tervek pontosan megval\u00f3suljanak. A folyamat sor\u00e1n folyamatosan t\u00e1j\u00e9koztatjuk \u00d6nt a halad\u00e1sunkr\u00f3l.<\/p>\t\t\t\t\t\t\t\t<\/div>\n\t\t\t\t<\/div>\n\t\t<div class=\"elementor-element elementor-element-4449236 e-con-full e-flex e-con e-child\" data-id=\"4449236\" data-element_type=\"container\">\n\t\t\t\t<div class=\"elementor-element elementor-element-75d4517 elementor-widget-divider--view-line elementor-widget elementor-widget-divider\" data-id=\"75d4517\" data-element_type=\"widget\" data-widget_type=\"divider.default\">\n\t\t\t\t\t\t\t<div class=\"elementor-divider\">\n\t\t\t<span class=\"elementor-divider-separator\">\n\t\t\t\t\t\t<\/span>\n\t\t<\/div>\n\t\t\t\t\t\t<\/div>\n\t\t\t\t<div class=\"elementor-element elementor-element-134c924 elementor-widget elementor-widget-heading\" data-id=\"134c924\" data-element_type=\"widget\" data-widget_type=\"heading.default\">\n\t\t\t\t\t<h2 class=\"elementor-heading-title elementor-size-default\">Negyedik l\u00e9p\u00e9s<\/h2>\t\t\t\t<\/div>\n\t\t\t\t<div class=\"elementor-element elementor-element-0dc988d elementor-widget elementor-widget-text-editor\" data-id=\"0dc988d\" data-element_type=\"widget\" data-widget_type=\"text-editor.default\">\n\t\t\t\t\t\t\t\t\t<p>V\u00e9g\u00fcl \u00e1tadjuk \u00d6nnek az elk\u00e9sz\u00fclt kertet. Ismertetj\u00fck a karbantart\u00e1si lehet\u0151s\u00e9geket \u00e9s javaslatokat tesz\u00fcnk, hogy a v\u00e9geredm\u00e9ny sok\u00e1ig meg\u0151rizze sz\u00e9ps\u00e9g\u00e9t. Az \u00d6n el\u00e9gedetts\u00e9ge a legfontosabb sz\u00e1munkra.<\/p>\t\t\t\t\t\t\t\t<\/div>\n\t\t\t\t<\/div>\n\t\t\t\t<\/div>\n\t\t\t\t\t<\/div>\n\t\t\t\t<\/div>\n\t\t\t\t<\/div>\n\t\t","protected":false},"excerpt":{"rendered":"<p>Fedezd fel kerted lehet\u0151s\u00e9geit! Fedezd fel szolg\u00e1ltat\u00e1sainkat, amelyek seg\u00edtenek megval\u00f3s\u00edtani a kertr\u0151l alkotott \u00e1lmaidat. Inspir\u00e1l\u00f3 megold\u00e1sokkal \u00e9s szak\u00e9rtelemmel v\u00e1runk, hogy a legjobbat ny\u00fajthassuk sz\u00e1modra. A Jelentkezem gombra kattintva elfogadod a Felhaszn\u00e1l\u00e1si felt\u00e9teleinket. https:\/\/www.youtube.com\/watch?v=XHOmBV4js_E K\u00e9pgal\u00e9ria Fedezze fel eddigi munk\u00e1inkat. Gal\u00e9ri\u00e1nk bepillant\u00e1st ny\u00fajt kreat\u00edv kert\u00e9p\u00edt\u00e9si projektjeinkbe. \u00dcgyf\u00e9l visszajelz\u00e9sek Ne csak a mi szavunkat hallgasd! \u201eAz \u00d6n szolg\u00e1ltat\u00e1s\u00e1val [&hellip;]<\/p>\n","protected":false},"author":1,"featured_media":0,"parent":0,"menu_order":0,"comment_status":"closed","ping_status":"closed","template":"","meta":{"footnotes":""},"class_list":["post-12","page","type-page","status-publish","hentry"],"_links":{"self":[{"href":"https:\/\/kertepites.linkepites.eu\/index.php\/wp-json\/wp\/v2\/pages\/12","targetHints":{"allow":["GET"]}}],"collection":[{"href":"https:\/\/kertepites.linkepites.eu\/index.php\/wp-json\/wp\/v2\/pages"}],"about":[{"href":"https:\/\/kertepites.linkepites.eu\/index.php\/wp-json\/wp\/v2\/types\/page"}],"author":[{"embeddable":true,"href":"https:\/\/kertepites.linkepites.eu\/index.php\/wp-json\/wp\/v2\/users\/1"}],"replies":[{"embeddable":true,"href":"https:\/\/kertepites.linkepites.eu\/index.php\/wp-json\/wp\/v2\/comments?post=12"}],"version-history":[{"count":1,"href":"https:\/\/kertepites.linkepites.eu\/index.php\/wp-json\/wp\/v2\/pages\/12\/revisions"}],"predecessor-version":[{"id":51,"href":"https:\/\/kertepites.linkepites.eu\/index.php\/wp-json\/wp\/v2\/pages\/12\/revisions\/51"}],"wp:attachment":[{"href":"https:\/\/kertepites.linkepites.eu\/index.php\/wp-json\/wp\/v2\/media?parent=12"}],"curies":[{"name":"wp","href":"https:\/\/api.w.org\/{rel}","templated":true}]}}